{"id":960,"date":"2018-07-27T12:46:37","date_gmt":"2018-07-27T12:46:37","guid":{"rendered":"https:\/\/ehg.ee\/ru\/obj\/saha-loo-tee-8-iru-kula-joelahtme-vald-harjumaa-estonia\/"},"modified":"2019-03-15T08:26:51","modified_gmt":"2019-03-15T08:26:51","slug":"saha-loo-8-iru-kula-joelahtme-vald-harjumaa-estonia","status":"publish","type":"product","link":"https:\/\/ehg.ee\/ru\/product\/saha-loo-tn-8-iru-kula-joelahtme-alev-harjumaa-estonia\/","title":{"rendered":"Saha-Loo tn. 8, Iru k\u00fcla, J\u00f5el\u00e4htme alev, Harjumaa, Estonia"},"content":{"rendered":"","protected":false},"excerpt":{"rendered":"<p>\u041e\u0431\u044a\u0435\u043a\u0442: \u0441\u0442\u0440\u043e\u0438\u0442\u0435\u043b\u044c\u0441\u0442\u0432\u043e \u0437\u0430\u0432\u043e\u0434\u0430 \u043f\u043e \u043f\u0440\u043e\u0438\u0437\u0432\u043e\u0434\u0441\u0442\u0432\u0443 \u043f\u043e\u043b\u0438\u043c\u0435\u0440\u043d\u044b\u0445 \u0438\u0437\u043e\u043b\u044f\u0442\u043e\u0440\u043e\u0432<br \/>\n\u0410\u0434\u0440\u0435\u0441: Saha-Loo tee 8, Iru k\u00fcla, J\u00f5el\u00e4htme vald, Harjumaa, Eesti<br \/>\n\u0417\u0430\u043a\u0430\u0437\u0447\u0438\u043a: O\u00dc EU GIG<\/p>\n","protected":false},"featured_media":2540,"template":"","meta":[],"_links":{"self":[{"href":"https:\/\/ehg.ee\/ru\/wp-json\/wp\/v2\/product\/960"}],"collection":[{"href":"https:\/\/ehg.ee\/ru\/wp-json\/wp\/v2\/product"}],"about":[{"href":"https:\/\/ehg.ee\/ru\/wp-json\/wp\/v2\/types\/product"}],"wp:featuredmedia":[{"embeddable":true,"href":"https:\/\/ehg.ee\/ru\/wp-json\/wp\/v2\/media\/2540"}],"wp:attachment":[{"href":"https:\/\/ehg.ee\/ru\/wp-json\/wp\/v2\/media?parent=960"}],"curies":[{"name":"wp","href":"https:\/\/api.w.org\/{rel}","templated":true}]}}