{"id":3535,"date":"2020-09-09T07:45:39","date_gmt":"2020-09-09T07:45:39","guid":{"rendered":"https:\/\/ehg.ee\/en\/?post_type=product&#038;p=3535"},"modified":"2020-09-09T07:45:40","modified_gmt":"2020-09-09T07:45:40","slug":"lehola-tee-7-lehola-kula-harju-maakond-eesti","status":"publish","type":"product","link":"https:\/\/ehg.ee\/ru\/product\/lehola-tee-7-lehola-kula-harju-maakond-estonia\/","title":{"rendered":"Lehola tee 7, Lehola k\u00fcla, Harju maakond, Estonia"},"content":{"rendered":"<p>\u041e\u0431\u044a\u0435\u043a\u0442: \u043c\u043d\u043e\u0433\u043e\u043a\u0432\u0430\u0440\u0442\u0438\u0440\u043d\u044b\u0439 \u0434\u043e\u043c<\/p>\n<p>\u0410\u0434\u0440\u0435\u0441:\u00a0Lehola tee 7, Lehola k\u00fcla, Harju maakond<\/p>\n<p>\u0417\u0430\u043a\u0430\u0437\u0447\u0438\u043a:\u00a0L\u00e4\u00e4ne-Harju vald, Lehola k\u00fcla, Lehola tee 7 korteri\u00fchistu<\/p>","protected":false},"excerpt":{"rendered":"<p>\u041e\u0431\u044a\u0435\u043a\u0442: \u043c\u043d\u043e\u0433\u043e\u043a\u0432\u0430\u0440\u0442\u0438\u0440\u043d\u044b\u0439 \u0434\u043e\u043c \u0410\u0434\u0440\u0435\u0441:\u00a0Lehola tee 7, Lehola k\u00fcla, Harju maakond \u0417\u0430\u043a\u0430\u0437\u0447\u0438\u043a:\u00a0L\u00e4\u00e4ne-Harju vald, Lehola k\u00fcla, Lehola tee 7 korteri\u00fchistu<\/p>\n","protected":false},"featured_media":0,"template":"","meta":[],"_links":{"self":[{"href":"https:\/\/ehg.ee\/ru\/wp-json\/wp\/v2\/product\/3535"}],"collection":[{"href":"https:\/\/ehg.ee\/ru\/wp-json\/wp\/v2\/product"}],"about":[{"href":"https:\/\/ehg.ee\/ru\/wp-json\/wp\/v2\/types\/product"}],"wp:attachment":[{"href":"https:\/\/ehg.ee\/ru\/wp-json\/wp\/v2\/media?parent=3535"}],"curies":[{"name":"wp","href":"https:\/\/api.w.org\/{rel}","templated":true}]}}