{"id":3437,"date":"2020-01-16T11:39:02","date_gmt":"2020-01-16T11:39:02","guid":{"rendered":"https:\/\/ehg.ee\/en\/?post_type=product&#038;p=3437"},"modified":"2020-01-16T11:39:03","modified_gmt":"2020-01-16T11:39:03","slug":"kalju-tn-10-toostuse-tn-14-tallinn-eesti","status":"publish","type":"product","link":"https:\/\/ehg.ee\/ru\/product\/kalju-tn-10-toostuse-tn-14-tallinn-eesti\/","title":{"rendered":"Kalju tn 10 \/\/ T\u00f6\u00f6stuse tn 14,Tallinn, Eesti"},"content":{"rendered":"<p>\u041e\u0431\u044a\u0435\u043a\u0442: \u043c\u043d\u043e\u0433\u043e\u043a\u0432\u0430\u0440\u0442\u0438\u0440\u043d\u044b\u0439 \u0434\u043e\u043c<\/p>\n<p>\u0410\u0434\u0440\u0435\u0441:\u00a0Kalju tn 10 \/\/ T\u00f6\u00f6stuse tn 14,Tallinn<\/p>\n<p>\u0417\u0430\u043a\u0430\u0437\u0447\u0438\u043a: Tallinn, Kalju tn 10 \/\/ T\u00f6\u00f6stuse tn 14, Kalju tn 10a korteri\u00fchistu<\/p>","protected":false},"excerpt":{"rendered":"<p>\u041e\u0431\u044a\u0435\u043a\u0442: \u043c\u043d\u043e\u0433\u043e\u043a\u0432\u0430\u0440\u0442\u0438\u0440\u043d\u044b\u0439 \u0434\u043e\u043c \u0410\u0434\u0440\u0435\u0441:\u00a0Kalju tn 10 \/\/ T\u00f6\u00f6stuse tn 14,Tallinn \u0417\u0430\u043a\u0430\u0437\u0447\u0438\u043a: Tallinn, Kalju tn 10 \/\/ T\u00f6\u00f6stuse tn 14, Kalju tn 10a korteri\u00fchistu<\/p>\n","protected":false},"featured_media":0,"template":"","meta":[],"_links":{"self":[{"href":"https:\/\/ehg.ee\/ru\/wp-json\/wp\/v2\/product\/3437"}],"collection":[{"href":"https:\/\/ehg.ee\/ru\/wp-json\/wp\/v2\/product"}],"about":[{"href":"https:\/\/ehg.ee\/ru\/wp-json\/wp\/v2\/types\/product"}],"wp:attachment":[{"href":"https:\/\/ehg.ee\/ru\/wp-json\/wp\/v2\/media?parent=3437"}],"curies":[{"name":"wp","href":"https:\/\/api.w.org\/{rel}","templated":true}]}}