{"id":3358,"date":"2019-10-03T10:17:15","date_gmt":"2019-10-03T10:17:15","guid":{"rendered":"https:\/\/ehg.ee\/en\/?post_type=product&#038;p=3358"},"modified":"2019-10-03T10:17:16","modified_gmt":"2019-10-03T10:17:16","slug":"lahe-poik-3-suurpea-kuusalu-vald-harjumaa-eesti","status":"publish","type":"product","link":"https:\/\/ehg.ee\/ru\/product\/lahe-poik-3-suurpea-kuusalu-vald-harjumaa-estonia\/","title":{"rendered":"Lahe p\u00f5ik 3, Suurpea, Kuusalu vald, Harjumaa, Estonia"},"content":{"rendered":"<p>\u041e\u0431\u044a\u0435\u043a\u0442: \u043c\u043d\u043e\u0433\u043e\u043a\u0432\u0430\u0440\u0442\u0438\u0440\u043d\u044b\u0439 \u0434\u043e\u043c<\/p>\n<p>\u0410\u0434\u0440\u0435\u0441:\u00a0Lahe p\u00f5ik 3, Suurpea, Kuusalu vald, Harjumaa<\/p>\n<p>\u0417\u0430\u043a\u0430\u0437\u0447\u0438\u043a:\u00a0Kuusalu vald, Suurpea k\u00fcla, Lahe p\u00f5ik 3 korteri\u00fchistu<\/p>","protected":false},"excerpt":{"rendered":"<p>\u041e\u0431\u044a\u0435\u043a\u0442: \u043c\u043d\u043e\u0433\u043e\u043a\u0432\u0430\u0440\u0442\u0438\u0440\u043d\u044b\u0439 \u0434\u043e\u043c \u0410\u0434\u0440\u0435\u0441:\u00a0Lahe p\u00f5ik 3, Suurpea, Kuusalu vald, Harjumaa \u0417\u0430\u043a\u0430\u0437\u0447\u0438\u043a:\u00a0Kuusalu vald, Suurpea k\u00fcla, Lahe p\u00f5ik 3 korteri\u00fchistu<\/p>\n","protected":false},"featured_media":0,"template":"","meta":[],"_links":{"self":[{"href":"https:\/\/ehg.ee\/ru\/wp-json\/wp\/v2\/product\/3358"}],"collection":[{"href":"https:\/\/ehg.ee\/ru\/wp-json\/wp\/v2\/product"}],"about":[{"href":"https:\/\/ehg.ee\/ru\/wp-json\/wp\/v2\/types\/product"}],"wp:attachment":[{"href":"https:\/\/ehg.ee\/ru\/wp-json\/wp\/v2\/media?parent=3358"}],"curies":[{"name":"wp","href":"https:\/\/api.w.org\/{rel}","templated":true}]}}