{"id":3118,"date":"2019-03-29T07:58:51","date_gmt":"2019-03-29T07:58:51","guid":{"rendered":"https:\/\/ehg.ee\/en\/?post_type=product&#038;p=3118"},"modified":"2019-03-29T07:58:51","modified_gmt":"2019-03-29T07:58:51","slug":"oismae-tee-115-tallinn-eesti","status":"publish","type":"product","link":"https:\/\/ehg.ee\/ru\/product\/oismae-tee-115-tallinn-estonia\/","title":{"rendered":"\u00d5ism\u00e4e tee 115 , Tallinn, Estonia"},"content":{"rendered":"<p>\u041e\u0431\u044a\u0435\u043a\u0442: \u043c\u043d\u043e\u0433\u043e\u043a\u0432\u0430\u0440\u0442\u0438\u0440\u043d\u044b\u0439 \u0434\u043e\u043c<\/p>\n<p>\u0410\u0434\u0440\u0435\u0441: \u00d5ism\u00e4e tee 115, Tallinn<\/p>\n<p>\u0417\u0430\u043a\u0430\u0437\u0447\u0438\u043a: Tallinn, \u00d5ism\u00e4e tee 115 korteri\u00fchistu<\/p>","protected":false},"excerpt":{"rendered":"<p>\u041e\u0431\u044a\u0435\u043a\u0442: \u043c\u043d\u043e\u0433\u043e\u043a\u0432\u0430\u0440\u0442\u0438\u0440\u043d\u044b\u0439 \u0434\u043e\u043c \u0410\u0434\u0440\u0435\u0441: \u00d5ism\u00e4e tee 115, Tallinn \u0417\u0430\u043a\u0430\u0437\u0447\u0438\u043a: Tallinn, \u00d5ism\u00e4e tee 115 korteri\u00fchistu<\/p>\n","protected":false},"featured_media":0,"template":"","meta":[],"_links":{"self":[{"href":"https:\/\/ehg.ee\/ru\/wp-json\/wp\/v2\/product\/3118"}],"collection":[{"href":"https:\/\/ehg.ee\/ru\/wp-json\/wp\/v2\/product"}],"about":[{"href":"https:\/\/ehg.ee\/ru\/wp-json\/wp\/v2\/types\/product"}],"wp:attachment":[{"href":"https:\/\/ehg.ee\/ru\/wp-json\/wp\/v2\/media?parent=3118"}],"curies":[{"name":"wp","href":"https:\/\/api.w.org\/{rel}","templated":true}]}}