{"id":1946,"date":"2018-07-27T12:51:26","date_gmt":"2018-07-27T12:51:26","guid":{"rendered":"https:\/\/ehg.ee\/ru\/obj\/murjanu-iela-40-riga-latvia\/"},"modified":"2019-03-07T12:44:59","modified_gmt":"2019-03-07T12:44:59","slug":"murjanu-iela-40-riga-latvia","status":"publish","type":"product","link":"https:\/\/ehg.ee\/ru\/product\/murjanu-iela-40-riga-latvia\/","title":{"rendered":"Murj\u0101\u0146u iela 40, R\u012bga, Latvia"},"content":{"rendered":"","protected":false},"excerpt":{"rendered":"<p>\u041e\u0431\u044a\u0435\u043a\u0442: \u043a\u0432\u0430\u0440\u0442\u0438\u0440\u0430<br \/>\u0410\u0434\u0440\u0435\u0441: Murj\u0101\u0146u iela 40, R\u012bga, Latvia <br \/>\u0417\u0430\u043a\u0430\u0437\u0447\u0438\u043a: \u0447\u0430\u0441\u0442\u043d\u043e\u0435 \u043b\u0438\u0446\u043e<\/p>\n","protected":false},"featured_media":0,"template":"","meta":[],"_links":{"self":[{"href":"https:\/\/ehg.ee\/ru\/wp-json\/wp\/v2\/product\/1946"}],"collection":[{"href":"https:\/\/ehg.ee\/ru\/wp-json\/wp\/v2\/product"}],"about":[{"href":"https:\/\/ehg.ee\/ru\/wp-json\/wp\/v2\/types\/product"}],"wp:attachment":[{"href":"https:\/\/ehg.ee\/ru\/wp-json\/wp\/v2\/media?parent=1946"}],"curies":[{"name":"wp","href":"https:\/\/api.w.org\/{rel}","templated":true}]}}