{"id":1774,"date":"2018-07-27T12:50:33","date_gmt":"2018-07-27T12:50:33","guid":{"rendered":"https:\/\/ehg.ee\/ru\/obj\/marju-str-huuru-kula-saue-vald-estonia\/"},"modified":"2019-03-07T12:44:30","modified_gmt":"2019-03-07T12:44:30","slug":"marju-huuru-kula-saue-vald-estonia","status":"publish","type":"product","link":"https:\/\/ehg.ee\/ru\/product\/marju-huuru-kula-saue-vald-estonia\/","title":{"rendered":"Marju tn., H\u00fc\u00fcru k\u00fcla, Saue alev, Harjumaa, Estonia"},"content":{"rendered":"","protected":false},"excerpt":{"rendered":"<p>\u041e\u0431\u044a\u0435\u043a\u0442: \u0441\u0442\u0440\u043e\u0438\u0442\u0435\u043b\u044c\u0441\u0442\u0432\u043e \u0447\u0430\u0441\u0442\u043d\u043e\u0433\u043e \u0434\u043e\u043c\u0430<br \/>\u0410\u0434\u0440\u0435\u0441: Marju tn., H&uuml;&uuml;ru k&uuml;la, Saue vald, Eesti<br \/>\u0417\u0430\u043a\u0430\u0437\u0447\u0438\u043a: \u0447\u0430\u0441\u0442\u043d\u043e\u0435 \u043b\u0438\u0446\u043e<\/p>\n","protected":false},"featured_media":0,"template":"","meta":[],"_links":{"self":[{"href":"https:\/\/ehg.ee\/ru\/wp-json\/wp\/v2\/product\/1774"}],"collection":[{"href":"https:\/\/ehg.ee\/ru\/wp-json\/wp\/v2\/product"}],"about":[{"href":"https:\/\/ehg.ee\/ru\/wp-json\/wp\/v2\/types\/product"}],"wp:attachment":[{"href":"https:\/\/ehg.ee\/ru\/wp-json\/wp\/v2\/media?parent=1774"}],"curies":[{"name":"wp","href":"https:\/\/api.w.org\/{rel}","templated":true}]}}