{"id":1610,"date":"2018-07-27T12:49:45","date_gmt":"2018-07-27T12:49:45","guid":{"rendered":"https:\/\/ehg.ee\/ru\/obj\/linakula-kula-kihnu-vald-parnu-maakond-estonia\/"},"modified":"2019-03-07T12:44:03","modified_gmt":"2019-03-07T12:44:03","slug":"linakula-kula-kihnu-vald-parnu-maakond-estonia","status":"publish","type":"product","link":"https:\/\/ehg.ee\/ru\/product\/linakula-kula-kihnu-vald-parnu-maakond-estonia\/","title":{"rendered":"Linak\u00fcla k\u00fcla, Kihnu alev, P\u00e4rnumaa, Estonia"},"content":{"rendered":"","protected":false},"excerpt":{"rendered":"<p>\u041e\u0431\u044a\u0435\u043a\u0442: \u043e\u0431\u0449\u0435\u0441\u0442\u0432\u0435\u043d\u043d\u043e\u0435 \u0437\u0434\u0430\u043d\u0438\u0435<br \/>\u0410\u0434\u0440\u0435\u0441: Linak&uuml;la k&uuml;la, Kihnu vald, P&auml;rnu maakond, Eesti<br \/>\u0417\u0430\u043a\u0430\u0437\u0447\u0438\u043a: If P&amp;C Insurance AS<\/p>\n","protected":false},"featured_media":0,"template":"","meta":[],"_links":{"self":[{"href":"https:\/\/ehg.ee\/ru\/wp-json\/wp\/v2\/product\/1610"}],"collection":[{"href":"https:\/\/ehg.ee\/ru\/wp-json\/wp\/v2\/product"}],"about":[{"href":"https:\/\/ehg.ee\/ru\/wp-json\/wp\/v2\/types\/product"}],"wp:attachment":[{"href":"https:\/\/ehg.ee\/ru\/wp-json\/wp\/v2\/media?parent=1610"}],"curies":[{"name":"wp","href":"https:\/\/api.w.org\/{rel}","templated":true}]}}