{"id":1570,"date":"2018-07-27T12:49:33","date_gmt":"2018-07-27T12:49:33","guid":{"rendered":"https:\/\/ehg.ee\/ru\/obj\/manniku-talu-hiiesaare-kula-puhalepa-vald-estonia\/"},"modified":"2019-03-07T12:43:57","modified_gmt":"2019-03-07T12:43:57","slug":"manniku-talu-hiiesaare-kula-puhalepa-vald-estonia","status":"publish","type":"product","link":"https:\/\/ehg.ee\/ru\/product\/manniku-talu-hiiesaare-kula-puhalepa-vald-estonia\/","title":{"rendered":"M\u00e4nniku talu, Hiiesaare k\u00fcla, P\u00fchalepa alev, Hiiumaa, Estonia"},"content":{"rendered":"","protected":false},"excerpt":{"rendered":"<p>\u041e\u0431\u044a\u0435\u043a\u0442: \u043c\u0430\u043b\u043e\u0435 \u0441\u0442\u0440\u043e\u0435\u043d\u0438\u0435<br \/>\u0410\u0434\u0440\u0435\u0441: M&auml;nniku talu, Hiiesaare k&uuml;la, P&uuml;halepa vald, Eesti<br \/>\u0417\u0430\u043a\u0430\u0437\u0447\u0438\u043a:&nbsp;If P&amp;C Insurance AS<\/p>\n","protected":false},"featured_media":0,"template":"","meta":[],"_links":{"self":[{"href":"https:\/\/ehg.ee\/ru\/wp-json\/wp\/v2\/product\/1570"}],"collection":[{"href":"https:\/\/ehg.ee\/ru\/wp-json\/wp\/v2\/product"}],"about":[{"href":"https:\/\/ehg.ee\/ru\/wp-json\/wp\/v2\/types\/product"}],"wp:attachment":[{"href":"https:\/\/ehg.ee\/ru\/wp-json\/wp\/v2\/media?parent=1570"}],"curies":[{"name":"wp","href":"https:\/\/api.w.org\/{rel}","templated":true}]}}