{"id":1009,"date":"2018-07-27T12:46:54","date_gmt":"2018-07-27T12:46:54","guid":{"rendered":"https:\/\/ehg.ee\/ru\/obj\/loopealse-poik-sorve-kula-estonia\/"},"modified":"2019-03-07T12:42:26","modified_gmt":"2019-03-07T12:42:26","slug":"loopealse-poik-sorve-kula-estonia","status":"publish","type":"product","link":"https:\/\/ehg.ee\/ru\/product\/loopealse-poik-sorve-kula-estonia\/","title":{"rendered":"Loopealse p\u00f5ik, S\u00f5rve k\u00fcla, Harku alev, Harjumaa, Estonia"},"content":{"rendered":"","protected":false},"excerpt":{"rendered":"<p>\u041e\u0431\u044a\u0435\u043a\u0442: \u0447\u0430\u0441\u0442\u043d\u044b\u0439 \u0434\u043e\u043c<br \/>\u0410\u0434\u0440\u0435\u0441: Loopealse p&otilde;ik, S&otilde;rve k&uuml;la, Eesti<br \/>\u0417\u0430\u043a\u0430\u0437\u0447\u0438\u043a: O&Uuml; Tina KVB<\/p>\n","protected":false},"featured_media":0,"template":"","meta":[],"_links":{"self":[{"href":"https:\/\/ehg.ee\/ru\/wp-json\/wp\/v2\/product\/1009"}],"collection":[{"href":"https:\/\/ehg.ee\/ru\/wp-json\/wp\/v2\/product"}],"about":[{"href":"https:\/\/ehg.ee\/ru\/wp-json\/wp\/v2\/types\/product"}],"wp:attachment":[{"href":"https:\/\/ehg.ee\/ru\/wp-json\/wp\/v2\/media?parent=1009"}],"curies":[{"name":"wp","href":"https:\/\/api.w.org\/{rel}","templated":true}]}}