{"id":3697,"date":"2022-05-19T09:41:12","date_gmt":"2022-05-19T09:41:12","guid":{"rendered":"https:\/\/ehg.ee\/en\/?post_type=product&#038;p=3697"},"modified":"2022-05-19T09:41:13","modified_gmt":"2022-05-19T09:41:13","slug":"oismae-tee-115-tallinn-eesti-2","status":"publish","type":"product","link":"https:\/\/ehg.ee\/en\/product\/oismae-rd-115-tallinn-estonia-2\/","title":{"rendered":"\u00d5ism\u00e4e rd 115, Tallinn, Estonia"},"content":{"rendered":"<p>Address: \u00d5ism\u00e4e tee 115, Tallinn<\/p>","protected":false},"excerpt":{"rendered":"<p>Address: \u00d5ism\u00e4e tee 115, Tallinn<\/p>\n","protected":false},"featured_media":0,"template":"","meta":[],"_links":{"self":[{"href":"https:\/\/ehg.ee\/en\/wp-json\/wp\/v2\/product\/3697"}],"collection":[{"href":"https:\/\/ehg.ee\/en\/wp-json\/wp\/v2\/product"}],"about":[{"href":"https:\/\/ehg.ee\/en\/wp-json\/wp\/v2\/types\/product"}],"wp:attachment":[{"href":"https:\/\/ehg.ee\/en\/wp-json\/wp\/v2\/media?parent=3697"}],"curies":[{"name":"wp","href":"https:\/\/api.w.org\/{rel}","templated":true}]}}