{"id":1946,"date":"2018-07-27T12:51:26","date_gmt":"2018-07-27T12:51:26","guid":{"rendered":"https:\/\/ehg.ee\/ru\/obj\/murjanu-iela-40-riga-latvia\/"},"modified":"2019-03-07T12:44:59","modified_gmt":"2019-03-07T12:44:59","slug":"murjanu-iela-40-riga-latvia","status":"publish","type":"product","link":"https:\/\/ehg.ee\/en\/product\/murjanu-iela-40-riga-latvia\/","title":{"rendered":"Murj\u0101\u0146u str. 40, R\u012bga, Latvia"},"content":{"rendered":"","protected":false},"excerpt":{"rendered":"<p>Object: an Apartment <br \/>Address: Murj\u0101\u0146u iela 40, R\u012bga, Latvia<\/p>\n","protected":false},"featured_media":0,"template":"","meta":[],"_links":{"self":[{"href":"https:\/\/ehg.ee\/en\/wp-json\/wp\/v2\/product\/1946"}],"collection":[{"href":"https:\/\/ehg.ee\/en\/wp-json\/wp\/v2\/product"}],"about":[{"href":"https:\/\/ehg.ee\/en\/wp-json\/wp\/v2\/types\/product"}],"wp:attachment":[{"href":"https:\/\/ehg.ee\/en\/wp-json\/wp\/v2\/media?parent=1946"}],"curies":[{"name":"wp","href":"https:\/\/api.w.org\/{rel}","templated":true}]}}